{"id":40,"date":"2025-12-08T19:55:05","date_gmt":"2025-12-08T19:55:05","guid":{"rendered":"http:\/\/www.fenixbr.pl\/?page_id=40"},"modified":"2026-01-19T22:38:59","modified_gmt":"2026-01-19T22:38:59","slug":"o-nas","status":"publish","type":"page","link":"https:\/\/www.fenixbr.pl\/index.php\/o-nas\/","title":{"rendered":"O nas"},"content":{"rendered":"\t\t<div data-elementor-type=\"wp-page\" data-elementor-id=\"40\" class=\"elementor elementor-40\">\n\t\t\t\t<div class=\"elementor-element elementor-element-24c5c65 e-flex e-con-boxed e-con e-parent\" data-id=\"24c5c65\" data-element_type=\"container\" data-e-type=\"container\" data-settings=\"{&quot;background_background&quot;:&quot;classic&quot;}\">\n\t\t\t\t\t<div class=\"e-con-inner\">\n\t\t\t\t<div class=\"elementor-element elementor-element-49b663b elementor-widget elementor-widget-heading\" data-id=\"49b663b\" data-element_type=\"widget\" data-e-type=\"widget\" data-widget_type=\"heading.default\">\n\t\t\t\t\t<h2 class=\"elementor-heading-title elementor-size-default\">O nas<\/h2>\t\t\t\t<\/div>\n\t\t\t\t\t<\/div>\n\t\t\t\t<\/div>\n\t\t<div class=\"elementor-element elementor-element-60dabc1 e-flex e-con-boxed e-con e-parent\" data-id=\"60dabc1\" data-element_type=\"container\" data-e-type=\"container\">\n\t\t\t\t\t<div class=\"e-con-inner\">\n\t\t<div class=\"elementor-element elementor-element-47072ba e-grid e-con-full e-con e-child\" data-id=\"47072ba\" data-element_type=\"container\" data-e-type=\"container\">\n\t\t\t\t<div class=\"elementor-element elementor-element-7f68007 elementor-widget elementor-widget-image\" data-id=\"7f68007\" data-element_type=\"widget\" data-e-type=\"widget\" data-widget_type=\"image.default\">\n\t\t\t\t\t\t\t\t\t\t\t\t\t\t\t<img fetchpriority=\"high\" decoding=\"async\" width=\"1024\" height=\"646\" src=\"https:\/\/www.fenixbr.pl\/wp-content\/uploads\/2026\/01\/teamwork-3213924_1280-1024x646.jpg\" class=\"attachment-large size-large wp-image-230\" alt=\"\" srcset=\"https:\/\/www.fenixbr.pl\/wp-content\/uploads\/2026\/01\/teamwork-3213924_1280-1024x646.jpg 1024w, https:\/\/www.fenixbr.pl\/wp-content\/uploads\/2026\/01\/teamwork-3213924_1280-300x189.jpg 300w, https:\/\/www.fenixbr.pl\/wp-content\/uploads\/2026\/01\/teamwork-3213924_1280-768x484.jpg 768w, https:\/\/www.fenixbr.pl\/wp-content\/uploads\/2026\/01\/teamwork-3213924_1280.jpg 1280w\" sizes=\"(max-width: 1024px) 100vw, 1024px\" \/>\t\t\t\t\t\t\t\t\t\t\t\t\t\t\t<\/div>\n\t\t\t\t<div class=\"elementor-element elementor-element-d12b368 elementor-widget elementor-widget-text-editor\" data-id=\"d12b368\" data-element_type=\"widget\" data-e-type=\"widget\" data-widget_type=\"text-editor.default\">\n\t\t\t\t\t\t\t\t\t<div class=\"rowItem col-md-6 col-sm-12 btTextLeft\" data-width=\"6\"><div class=\"rowItemContent\"><header class=\"header btClear large btDash topDash bottomDash\"><div class=\"dash\"><h1><span class=\"headline\">Jeste\u015bmy cz\u0119\u015bci\u0105 grupy Simplex<\/span><\/h1><\/div><\/header><div class=\"btText\"><p>W strukturze Grupy SIMPLEX funkcjonuj\u0105 <strong>nowoczesne podmioty wspieraj\u0105ce Pa\u0144stwa biznes<\/strong>, by dzia\u0142a\u0142 skuteczniej i wydajniej:<\/p><p>\u2013 KANCELARIA DORADZTWA PODATKOWEGO SIMPLEX SP\u00d3\u0141KA Z O.O.<br \/>\u2013 KSI\u0118GOWO\u015a\u0106 SIMPLEX sp\u00f3\u0142ka z o.o.<br \/>\u2013 BIURO RACHUNKOWE FENIX SP. Z O.O.<br \/>\u2013 PODATKI CENTRUM SZKOLENIOWE S.C. KOSZALIN<\/p><p>Dzia\u0142amy na rynku <strong>od 30 lat<\/strong> nieustannie rozwijaj\u0105c zakres us\u0142ug, zachowuj\u0105c dba\u0142o\u015b\u0107 o najwy\u017csze standardy.<\/p><\/div><\/div><\/div>\t\t\t\t\t\t\t\t<\/div>\n\t\t\t\t<\/div>\n\t\t\t\t\t<\/div>\n\t\t\t\t<\/div>\n\t\t<div class=\"elementor-element elementor-element-1b8a640 e-flex e-con-boxed e-con e-parent\" data-id=\"1b8a640\" data-element_type=\"container\" data-e-type=\"container\">\n\t\t\t\t\t<div class=\"e-con-inner\">\n\t\t\t\t\t<\/div>\n\t\t\t\t<\/div>\n\t\t<div class=\"elementor-element elementor-element-f7df7ab e-flex e-con-boxed e-con e-parent\" data-id=\"f7df7ab\" data-element_type=\"container\" data-e-type=\"container\">\n\t\t\t\t\t<div class=\"e-con-inner\">\n\t\t<div class=\"elementor-element elementor-element-b5be7f6 e-grid e-con-full e-con e-child\" data-id=\"b5be7f6\" data-element_type=\"container\" data-e-type=\"container\">\n\t\t\t\t<div class=\"elementor-element elementor-element-42441a3 elementor-widget elementor-widget-text-editor\" data-id=\"42441a3\" data-element_type=\"widget\" data-e-type=\"widget\" data-widget_type=\"text-editor.default\">\n\t\t\t\t\t\t\t\t\t<div class=\"rowItem col-md-6 col-sm-12 btTextLeft\" data-width=\"6\"><div class=\"rowItemContent\"><div class=\"rowItem col-md-6 col-sm-12 btTextLeft\" data-width=\"6\"><div class=\"rowItemContent\"><header class=\"header btClear large btDash topDash bottomDash\"><div class=\"dash\"><h1><span class=\"headline\">Jak dzia\u0142amy<\/span><\/h1><\/div><\/header><div class=\"btText\"><p>Podatki s\u0105 <strong>nasz\u0105 pasj\u0105<\/strong>, a to sprawia, \u017ce rozumiemy potrzeby naszych Klient\u00f3w.\u00a0\u00a0Koncentrujemy si\u0119 na <strong>poszukiwaniu nowych rozwi\u0105za\u0144<\/strong>, przewiduj\u0105c potencjalne ryzyka i zagro\u017cenia wynikaj\u0105ce z prowadzonych dzia\u0142a\u0144 gospodarczych. Celem Kancelarii jest <strong>przewidywanie konsekwencji prawnych i podatkowych<\/strong> , co pozwala naszym klientom skupi\u0107 si\u0119 na prowadzeniu biznesu, a nie naprawianiu skutk\u00f3w b\u0142\u0119dnych decyzji i rozstrzygni\u0119\u0107.<\/p><p>Oferujemy im\u00a0<strong>korzystne rozwi\u0105zania<\/strong>, dbaj\u0105c jednocze\u015bnie o ich <strong>bezpiecze\u0144stwo<\/strong>. Nie boimy si\u0119 nowych wyzwa\u0144, a prawo wspiera i chroni interesy naszych Klient\u00f3w, a nie ogranicza ich kreatywno\u015bci.<\/p><\/div><\/div><\/div><\/div><\/div>\t\t\t\t\t\t\t\t<\/div>\n\t\t\t\t<div class=\"elementor-element elementor-element-cb57b4a elementor-widget elementor-widget-image\" data-id=\"cb57b4a\" data-element_type=\"widget\" data-e-type=\"widget\" data-widget_type=\"image.default\">\n\t\t\t\t\t\t\t\t\t\t\t\t\t\t\t<img decoding=\"async\" width=\"1024\" height=\"640\" src=\"https:\/\/www.fenixbr.pl\/wp-content\/uploads\/2026\/01\/meeting-2284501_1280-1024x640.jpg\" class=\"attachment-large size-large wp-image-231\" alt=\"\" srcset=\"https:\/\/www.fenixbr.pl\/wp-content\/uploads\/2026\/01\/meeting-2284501_1280-1024x640.jpg 1024w, https:\/\/www.fenixbr.pl\/wp-content\/uploads\/2026\/01\/meeting-2284501_1280-300x188.jpg 300w, https:\/\/www.fenixbr.pl\/wp-content\/uploads\/2026\/01\/meeting-2284501_1280-768x480.jpg 768w, https:\/\/www.fenixbr.pl\/wp-content\/uploads\/2026\/01\/meeting-2284501_1280.jpg 1280w\" sizes=\"(max-width: 1024px) 100vw, 1024px\" \/>\t\t\t\t\t\t\t\t\t\t\t\t\t\t\t<\/div>\n\t\t\t\t<\/div>\n\t\t\t\t\t<\/div>\n\t\t\t\t<\/div>\n\t\t<div class=\"elementor-element elementor-element-20bd3cc e-flex e-con-boxed e-con e-parent\" data-id=\"20bd3cc\" data-element_type=\"container\" data-e-type=\"container\">\n\t\t\t\t\t<div class=\"e-con-inner\">\n\t\t\t\t<div class=\"elementor-element elementor-element-592e507 elementor-widget-divider--view-line elementor-widget elementor-widget-divider\" data-id=\"592e507\" data-element_type=\"widget\" data-e-type=\"widget\" data-widget_type=\"divider.default\">\n\t\t\t\t\t\t\t<div class=\"elementor-divider\">\n\t\t\t<span class=\"elementor-divider-separator\">\n\t\t\t\t\t\t<\/span>\n\t\t<\/div>\n\t\t\t\t\t\t<\/div>\n\t\t\t\t\t<\/div>\n\t\t\t\t<\/div>\n\t\t<div class=\"elementor-element elementor-element-ab6233b e-flex e-con-boxed e-con e-parent\" data-id=\"ab6233b\" data-element_type=\"container\" data-e-type=\"container\" data-settings=\"{&quot;background_background&quot;:&quot;classic&quot;}\">\n\t\t\t\t\t<div class=\"e-con-inner\">\n\t\t\t\t<div class=\"elementor-element elementor-element-3ed538b elementor-widget elementor-widget-heading\" data-id=\"3ed538b\" data-element_type=\"widget\" data-e-type=\"widget\" data-widget_type=\"heading.default\">\n\t\t\t\t\t<h1 class=\"elementor-heading-title elementor-size-default\">Nasze atuty<\/h1>\t\t\t\t<\/div>\n\t\t\t\t\t<\/div>\n\t\t\t\t<\/div>\n\t\t<div class=\"elementor-element elementor-element-752c4a5 e-grid e-con-boxed e-con e-parent\" data-id=\"752c4a5\" data-element_type=\"container\" data-e-type=\"container\" data-settings=\"{&quot;background_background&quot;:&quot;classic&quot;}\">\n\t\t\t\t\t<div class=\"e-con-inner\">\n\t\t\t\t<div class=\"elementor-element elementor-element-08124fa elementor-view-default elementor-position-block-start elementor-mobile-position-block-start elementor-widget elementor-widget-icon-box\" data-id=\"08124fa\" data-element_type=\"widget\" data-e-type=\"widget\" data-widget_type=\"icon-box.default\">\n\t\t\t\t\t\t\t<div class=\"elementor-icon-box-wrapper\">\n\n\t\t\t\t\t\t<div class=\"elementor-icon-box-icon\">\n\t\t\t\t<span  class=\"elementor-icon\">\n\t\t\t\t<svg aria-hidden=\"true\" class=\"e-font-icon-svg e-fas-hands-helping\" viewBox=\"0 0 640 512\" xmlns=\"http:\/\/www.w3.org\/2000\/svg\"><path d=\"M488 192H336v56c0 39.7-32.3 72-72 72s-72-32.3-72-72V126.4l-64.9 39C107.8 176.9 96 197.8 96 220.2v47.3l-80 46.2C.7 322.5-4.6 342.1 4.3 357.4l80 138.6c8.8 15.3 28.4 20.5 43.7 11.7L231.4 448H368c35.3 0 64-28.7 64-64h16c17.7 0 32-14.3 32-32v-64h8c13.3 0 24-10.7 24-24v-48c0-13.3-10.7-24-24-24zm147.7-37.4L555.7 16C546.9.7 527.3-4.5 512 4.3L408.6 64H306.4c-12 0-23.7 3.4-33.9 9.7L239 94.6c-9.4 5.8-15 16.1-15 27.1V248c0 22.1 17.9 40 40 40s40-17.9 40-40v-88h184c30.9 0 56 25.1 56 56v28.5l80-46.2c15.3-8.9 20.5-28.4 11.7-43.7z\"><\/path><\/svg>\t\t\t\t<\/span>\n\t\t\t<\/div>\n\t\t\t\n\t\t\t\t\t\t<div class=\"elementor-icon-box-content\">\n\n\t\t\t\t\t\t\t\t\t<h3 class=\"elementor-icon-box-title\">\n\t\t\t\t\t\t<span  >\n\t\t\t\t\t\t\tZAANGA\u017bOWANIE\t\t\t\t\t\t<\/span>\n\t\t\t\t\t<\/h3>\n\t\t\t\t\n\t\t\t\t\t\t\t\t\t<p class=\"elementor-icon-box-description\">\n\t\t\t\t\t\tKa\u017cdego klienta obs\u0142ugujemy kompleksowo, podchodz\u0105c do niego z ogromnym zaanga\u017cowaniem.\t\t\t\t\t<\/p>\n\t\t\t\t\n\t\t\t<\/div>\n\t\t\t\n\t\t<\/div>\n\t\t\t\t\t\t<\/div>\n\t\t\t\t<div class=\"elementor-element elementor-element-b1f1455 elementor-view-default elementor-position-block-start elementor-mobile-position-block-start elementor-widget elementor-widget-icon-box\" data-id=\"b1f1455\" data-element_type=\"widget\" data-e-type=\"widget\" data-widget_type=\"icon-box.default\">\n\t\t\t\t\t\t\t<div class=\"elementor-icon-box-wrapper\">\n\n\t\t\t\t\t\t<div class=\"elementor-icon-box-icon\">\n\t\t\t\t<span  class=\"elementor-icon\">\n\t\t\t\t<svg aria-hidden=\"true\" class=\"e-font-icon-svg e-fas-chart-line\" viewBox=\"0 0 512 512\" xmlns=\"http:\/\/www.w3.org\/2000\/svg\"><path d=\"M496 384H64V80c0-8.84-7.16-16-16-16H16C7.16 64 0 71.16 0 80v336c0 17.67 14.33 32 32 32h464c8.84 0 16-7.16 16-16v-32c0-8.84-7.16-16-16-16zM464 96H345.94c-21.38 0-32.09 25.85-16.97 40.97l32.4 32.4L288 242.75l-73.37-73.37c-12.5-12.5-32.76-12.5-45.25 0l-68.69 68.69c-6.25 6.25-6.25 16.38 0 22.63l22.62 22.62c6.25 6.25 16.38 6.25 22.63 0L192 237.25l73.37 73.37c12.5 12.5 32.76 12.5 45.25 0l96-96 32.4 32.4c15.12 15.12 40.97 4.41 40.97-16.97V112c.01-8.84-7.15-16-15.99-16z\"><\/path><\/svg>\t\t\t\t<\/span>\n\t\t\t<\/div>\n\t\t\t\n\t\t\t\t\t\t<div class=\"elementor-icon-box-content\">\n\n\t\t\t\t\t\t\t\t\t<h3 class=\"elementor-icon-box-title\">\n\t\t\t\t\t\t<span  >\n\t\t\t\t\t\t\tROZW\u00d3J OSOBISTY\t\t\t\t\t\t<\/span>\n\t\t\t\t\t<\/h3>\n\t\t\t\t\n\t\t\t\t\t\t\t\t\t<p class=\"elementor-icon-box-description\">\n\t\t\t\t\t\tStawiamy na ci\u0105g\u0142e doskonalenie zawodowe. \t\t\t\t\t<\/p>\n\t\t\t\t\n\t\t\t<\/div>\n\t\t\t\n\t\t<\/div>\n\t\t\t\t\t\t<\/div>\n\t\t\t\t<div class=\"elementor-element elementor-element-7124bb9 elementor-view-default elementor-position-block-start elementor-mobile-position-block-start elementor-widget elementor-widget-icon-box\" data-id=\"7124bb9\" data-element_type=\"widget\" data-e-type=\"widget\" data-widget_type=\"icon-box.default\">\n\t\t\t\t\t\t\t<div class=\"elementor-icon-box-wrapper\">\n\n\t\t\t\t\t\t<div class=\"elementor-icon-box-icon\">\n\t\t\t\t<span  class=\"elementor-icon\">\n\t\t\t\t<svg aria-hidden=\"true\" class=\"e-font-icon-svg e-fas-medal\" viewBox=\"0 0 512 512\" xmlns=\"http:\/\/www.w3.org\/2000\/svg\"><path d=\"M223.75 130.75L154.62 15.54A31.997 31.997 0 0 0 127.18 0H16.03C3.08 0-4.5 14.57 2.92 25.18l111.27 158.96c29.72-27.77 67.52-46.83 109.56-53.39zM495.97 0H384.82c-11.24 0-21.66 5.9-27.44 15.54l-69.13 115.21c42.04 6.56 79.84 25.62 109.56 53.38L509.08 25.18C516.5 14.57 508.92 0 495.97 0zM256 160c-97.2 0-176 78.8-176 176s78.8 176 176 176 176-78.8 176-176-78.8-176-176-176zm92.52 157.26l-37.93 36.96 8.97 52.22c1.6 9.36-8.26 16.51-16.65 12.09L256 393.88l-46.9 24.65c-8.4 4.45-18.25-2.74-16.65-12.09l8.97-52.22-37.93-36.96c-6.82-6.64-3.05-18.23 6.35-19.59l52.43-7.64 23.43-47.52c2.11-4.28 6.19-6.39 10.28-6.39 4.11 0 8.22 2.14 10.33 6.39l23.43 47.52 52.43 7.64c9.4 1.36 13.17 12.95 6.35 19.59z\"><\/path><\/svg>\t\t\t\t<\/span>\n\t\t\t<\/div>\n\t\t\t\n\t\t\t\t\t\t<div class=\"elementor-icon-box-content\">\n\n\t\t\t\t\t\t\t\t\t<h3 class=\"elementor-icon-box-title\">\n\t\t\t\t\t\t<span  >\n\t\t\t\t\t\t\tRENOMA\t\t\t\t\t\t<\/span>\n\t\t\t\t\t<\/h3>\n\t\t\t\t\n\t\t\t\t\t\t\t\t\t<p class=\"elementor-icon-box-description\">\n\t\t\t\t\t\tO wysokiej jako\u015bci naszych us\u0142ug \u015bwiadcz\u0105 nasi zadowoleni Klienci. \t\t\t\t\t<\/p>\n\t\t\t\t\n\t\t\t<\/div>\n\t\t\t\n\t\t<\/div>\n\t\t\t\t\t\t<\/div>\n\t\t\t\t<div class=\"elementor-element elementor-element-3f4e1d5 elementor-view-default elementor-position-block-start elementor-mobile-position-block-start elementor-widget elementor-widget-icon-box\" data-id=\"3f4e1d5\" data-element_type=\"widget\" data-e-type=\"widget\" data-widget_type=\"icon-box.default\">\n\t\t\t\t\t\t\t<div class=\"elementor-icon-box-wrapper\">\n\n\t\t\t\t\t\t<div class=\"elementor-icon-box-icon\">\n\t\t\t\t<span  class=\"elementor-icon\">\n\t\t\t\t<svg aria-hidden=\"true\" class=\"e-font-icon-svg e-fas-lightbulb\" viewBox=\"0 0 352 512\" xmlns=\"http:\/\/www.w3.org\/2000\/svg\"><path d=\"M96.06 454.35c.01 6.29 1.87 12.45 5.36 17.69l17.09 25.69a31.99 31.99 0 0 0 26.64 14.28h61.71a31.99 31.99 0 0 0 26.64-14.28l17.09-25.69a31.989 31.989 0 0 0 5.36-17.69l.04-38.35H96.01l.05 38.35zM0 176c0 44.37 16.45 84.85 43.56 115.78 16.52 18.85 42.36 58.23 52.21 91.45.04.26.07.52.11.78h160.24c.04-.26.07-.51.11-.78 9.85-33.22 35.69-72.6 52.21-91.45C335.55 260.85 352 220.37 352 176 352 78.61 272.91-.3 175.45 0 73.44.31 0 82.97 0 176zm176-80c-44.11 0-80 35.89-80 80 0 8.84-7.16 16-16 16s-16-7.16-16-16c0-61.76 50.24-112 112-112 8.84 0 16 7.16 16 16s-7.16 16-16 16z\"><\/path><\/svg>\t\t\t\t<\/span>\n\t\t\t<\/div>\n\t\t\t\n\t\t\t\t\t\t<div class=\"elementor-icon-box-content\">\n\n\t\t\t\t\t\t\t\t\t<h3 class=\"elementor-icon-box-title\">\n\t\t\t\t\t\t<span  >\n\t\t\t\t\t\t\tINNOWACYJNO\u015a\u0106\t\t\t\t\t\t<\/span>\n\t\t\t\t\t<\/h3>\n\t\t\t\t\n\t\t\t\t\t\t\t\t\t<p class=\"elementor-icon-box-description\">\n\t\t\t\t\t\tNie dzia\u0142amy schematycznie, stawiamy na niestandardowe i innowacyjne rozwi\u0105zania.\t\t\t\t\t<\/p>\n\t\t\t\t\n\t\t\t<\/div>\n\t\t\t\n\t\t<\/div>\n\t\t\t\t\t\t<\/div>\n\t\t\t\t\t<\/div>\n\t\t\t\t<\/div>\n\t\t\t\t<\/div>\n\t\t","protected":false},"excerpt":{"rendered":"<p>O nas Jeste\u015bmy cz\u0119\u015bci\u0105 grupy Simplex W strukturze Grupy SIMPLEX funkcjonuj\u0105 nowoczesne podmioty wspieraj\u0105ce Pa\u0144stwa biznes, by dzia\u0142a\u0142 skuteczniej i wydajniej: \u2013 KANCELARIA DORADZTWA PODATKOWEGO SIMPLEX SP\u00d3\u0141KA Z O.O.\u2013 KSI\u0118GOWO\u015a\u0106 SIMPLEX sp\u00f3\u0142ka z o.o.\u2013 BIURO RACHUNKOWE FENIX SP. Z O.O.\u2013 PODATKI CENTRUM SZKOLENIOWE S.C. KOSZALIN Dzia\u0142amy na rynku od 30 lat nieustannie rozwijaj\u0105c zakres us\u0142ug, [&hellip;]<\/p>\n","protected":false},"author":1,"featured_media":0,"parent":0,"menu_order":0,"comment_status":"closed","ping_status":"closed","template":"","meta":{"footnotes":""},"class_list":["post-40","page","type-page","status-publish","hentry","entry"],"_links":{"self":[{"href":"https:\/\/www.fenixbr.pl\/index.php\/wp-json\/wp\/v2\/pages\/40","targetHints":{"allow":["GET"]}}],"collection":[{"href":"https:\/\/www.fenixbr.pl\/index.php\/wp-json\/wp\/v2\/pages"}],"about":[{"href":"https:\/\/www.fenixbr.pl\/index.php\/wp-json\/wp\/v2\/types\/page"}],"author":[{"embeddable":true,"href":"https:\/\/www.fenixbr.pl\/index.php\/wp-json\/wp\/v2\/users\/1"}],"replies":[{"embeddable":true,"href":"https:\/\/www.fenixbr.pl\/index.php\/wp-json\/wp\/v2\/comments?post=40"}],"version-history":[{"count":7,"href":"https:\/\/www.fenixbr.pl\/index.php\/wp-json\/wp\/v2\/pages\/40\/revisions"}],"predecessor-version":[{"id":237,"href":"https:\/\/www.fenixbr.pl\/index.php\/wp-json\/wp\/v2\/pages\/40\/revisions\/237"}],"wp:attachment":[{"href":"https:\/\/www.fenixbr.pl\/index.php\/wp-json\/wp\/v2\/media?parent=40"}],"curies":[{"name":"wp","href":"https:\/\/api.w.org\/{rel}","templated":true}]}}